{"id":144,"date":"2018-12-17T18:12:00","date_gmt":"2018-12-17T18:12:00","guid":{"rendered":"http:\/\/bzoengomados.com\/?page_id=144"},"modified":"2018-12-17T18:18:16","modified_gmt":"2018-12-17T18:18:16","slug":"aviso-legal","status":"publish","type":"page","link":"https:\/\/bzoengomados.com\/index.php\/aviso-legal\/","title":{"rendered":"Aviso Legal"},"content":{"rendered":"\t\t<div data-elementor-type=\"wp-page\" data-elementor-id=\"144\" class=\"elementor elementor-144 elementor-bc-flex-widget\">\n\t\t\t\t\t\t<div class=\"elementor-inner\">\n\t\t\t\t<div class=\"elementor-section-wrap\">\n\t\t\t\t\t\t\t\t\t<section class=\"elementor-section elementor-top-section elementor-element elementor-element-2b30c3e elementor-section-boxed elementor-section-height-default elementor-section-height-default\" data-id=\"2b30c3e\" data-element_type=\"section\">\n\t\t\t\t\t\t<div class=\"elementor-container elementor-column-gap-default\">\n\t\t\t\t\t\t\t<div class=\"elementor-row\">\n\t\t\t\t\t<div class=\"elementor-column elementor-col-100 elementor-top-column elementor-element elementor-element-24d0ec2\" data-id=\"24d0ec2\" data-element_type=\"column\">\n\t\t\t<div class=\"elementor-column-wrap elementor-element-populated\">\n\t\t\t\t\t\t\t<div class=\"elementor-widget-wrap\">\n\t\t\t\t\t\t<div class=\"elementor-element elementor-element-e1d629d elementor-widget elementor-widget-text-editor\" data-id=\"e1d629d\" data-element_type=\"widget\" data-widget_type=\"text-editor.default\">\n\t\t\t\t<div class=\"elementor-widget-container\">\n\t\t\t\t\t\t\t\t<div class=\"elementor-text-editor elementor-clearfix\">\n\t\t\t\t<p>El responsable de esta p\u00e1gina web es:BZO ENGOMADOS S.L.U., sociedad<br \/>inscrita en el Registro Mercantil de la provincia de ALICANTE, Tomo<br \/>3893, Folio 109, Libro 310, Hoja A-146971,<br \/>Inscripci\u00f3n 1, con C.I.F. B54886791(CIF\/NIF) y<br \/>domicilio social en Plg industrial Els Algars, C\/ibi, 9,03820,<br \/>Cocentaina (ALICANTE)<br \/>Tambi\u00e9n puedes contactar con nosotros a trav\u00e9s del n\u00famero de tel\u00e9fono<br \/>N\u00ba 965272577(tel\u00e9fono) o a trav\u00e9s de la siguiente direcci\u00f3n de email:<br \/>administracion@bzoengomados.com(e-mail o enlace a formulario de contacto).<br \/><b>PROPIEDAD INTELECTUAL E INDUSTRIAL<br \/><\/b>El dise\u00f1o de este sitio web y sus c\u00f3digos fuente, as\u00ed como los logos,<br \/>marcas y dem\u00e1s signos distintivos que aparecen en el mismo pertenecen<br \/>a BZO ENGOMADOS S.L.U. y est\u00e1n protegidos por los correspondientes<br \/>derechos de propiedad intelectual e industrial.<br \/><b>RESPONSABILIDAD DE LOS CONTENIDOS<br \/><\/b>BZO ENGOMADOS S.L.U. no se hace responsable de la legalidad de otros<br \/>sitios web de terceros desde los que pueda accederse a esta web. BZO<br \/>ENGOMADOS S.L.U. tampoco responde por la legalidad de otros sitios web<br \/>de terceros, que pudieran estar vinculados o enlazados desde esta<br \/>web.<br \/>BZO ENGOMADOS S.L.U. se reserva el derecho a realizar cambios en el<br \/>sitio web sin previo aviso, al objeto de mantener actualizada su<br \/>informaci\u00f3n, a\u00f1adiendo, modificando, corrigiendo o eliminando los<br \/>contenidos publicados o el dise\u00f1o del portal.<br \/>BZO ENGOMADOS S.L.U. no ser\u00e1 responsable del uso que terceros hagan de<br \/>la informaci\u00f3n publicada en el portal, ni tampoco de los da\u00f1os<br \/>sufridos o p\u00e9rdidas econ\u00f3micas que, de forma directa o indirecta,<br \/>produzcan o puedan producir perjuicios econ\u00f3micos, materiales o sobre<br \/>datos, provocados por el uso de dicha informaci\u00f3n.<\/p><p><strong>REPRODUCCI\u00d3N DE CONTENIDOS<\/strong><br \/>Se proh\u00edbe la reproducci\u00f3n total o parcial de los contenidos<br \/>publicados en esta web sin la autorizaci\u00f3n previa y por escrito de BZO<br \/>ENGOMADOS S.L.U..<br \/>Toda la informaci\u00f3n relativa a privacidad, la tienes en nuestra<br \/>Pol\u00edtica de Privacidad.<\/p>\t\t\t\t\t<\/div>\n\t\t\t\t\t\t<\/div>\n\t\t\t\t<\/div>\n\t\t\t\t\t\t<\/div>\n\t\t\t\t\t<\/div>\n\t\t<\/div>\n\t\t\t\t\t\t\t\t<\/div>\n\t\t\t\t\t<\/div>\n\t\t<\/section>\n\t\t\t\t\t\t\t\t\t<\/div>\n\t\t\t<\/div>\n\t\t\t\t\t<\/div>\n\t\t","protected":false},"excerpt":{"rendered":"<p>El responsable de esta p\u00e1gina web es:BZO ENGOMADOS S.L.U., sociedadinscrita en el Registro Mercantil de la provincia de ALICANTE, Tomo3893, Folio 109, Libro 310, Hoja A-146971,Inscripci\u00f3n<span class=\"excerpt-hellip\"> [\u2026]<\/span><\/p>\n","protected":false},"author":2,"featured_media":0,"parent":0,"menu_order":0,"comment_status":"closed","ping_status":"closed","template":"","meta":[],"_links":{"self":[{"href":"https:\/\/bzoengomados.com\/index.php\/wp-json\/wp\/v2\/pages\/144"}],"collection":[{"href":"https:\/\/bzoengomados.com\/index.php\/wp-json\/wp\/v2\/pages"}],"about":[{"href":"https:\/\/bzoengomados.com\/index.php\/wp-json\/wp\/v2\/types\/page"}],"author":[{"embeddable":true,"href":"https:\/\/bzoengomados.com\/index.php\/wp-json\/wp\/v2\/users\/2"}],"replies":[{"embeddable":true,"href":"https:\/\/bzoengomados.com\/index.php\/wp-json\/wp\/v2\/comments?post=144"}],"version-history":[{"count":5,"href":"https:\/\/bzoengomados.com\/index.php\/wp-json\/wp\/v2\/pages\/144\/revisions"}],"predecessor-version":[{"id":149,"href":"https:\/\/bzoengomados.com\/index.php\/wp-json\/wp\/v2\/pages\/144\/revisions\/149"}],"wp:attachment":[{"href":"https:\/\/bzoengomados.com\/index.php\/wp-json\/wp\/v2\/media?parent=144"}],"curies":[{"name":"wp","href":"https:\/\/api.w.org\/{rel}","templated":true}]}}